{"id":8,"date":"2009-11-05T15:42:53","date_gmt":"2009-11-05T14:42:53","guid":{"rendered":"http:\/\/www.jomo.org\/?page_id=8"},"modified":"2022-01-13T20:44:39","modified_gmt":"2022-01-13T19:44:39","slug":"der-autor","status":"publish","type":"page","link":"https:\/\/www.jomo.org\/index.php\/der-autor","title":{"rendered":"Der Autor"},"content":{"rendered":"<p>Impressum: Johann Moser, Obere Hafnerzeile 16, A-4240 Freistadt, johann.moser@jomo.org<\/p>\n<p>Die Vorschriften zur DSGVO wurden \u00fcberpr\u00fcft. Es werden keine pers\u00f6nlichen Daten bzw. IP-Adressen gespeichert und weiterverarbeitet. Auch bei den Kommentaren werden keine IP-Adressen gespeichert. Alle verwendeten WordPress-Plugins sind DSGVO-konform.<\/p>\n<div style=\"border: 0px solid #eee; margin-bottom: 10px; background-color: #f6f6f6; padding-left: 5px;\">\n<table border=\"0\" width=\"100%\" cellspacing=\"0\" cellpadding=\"2\" align=\"center\" bgcolor=\"#fff\">\n<tbody>\n<tr>\n<td>\u00a0<\/td>\n<td>\n<h2>Ausbildung<\/h2>\n<\/td>\n<\/tr>\n<tr>\n<td valign=\"top\" width=\"110\"><strong>1977 &#8211; 1984<\/strong><\/td>\n<td><strong>Universit\u00e4t Salzburg<\/strong> Mathematik und kombinierte <strong>Religionsp\u00e4dagogik<\/strong><\/td>\n<\/tr>\n<tr>\n<td valign=\"top\" width=\"110\"><strong>1984<\/strong><\/td>\n<td>Teilnahme an der <strong>Internationalen Sommerakademie f\u00fcr Bildende Kunst<\/strong> in Salzburg (Fotografie mit Verena v. Gagern, M\u00fcnchen)<\/td>\n<\/tr>\n<tr>\n<td valign=\"top\" width=\"110\"><strong>1984 &#8211; 1992<\/strong><\/td>\n<td>Kurse am <strong>Salzburg College<\/strong> f\u00fcr Fotografie bei Thomas L\u00fcttge (M\u00fcnchen), Joan Fontcuberta (Barcelona), Thomas J. Cooper (Glasgow), Derek Bennet (Schaffhausen), Philippe Sala\u00fcn (Paris), Helen Underwood (Glasgow), Verena v. Gagern (M\u00fcnchen). Fotografie und digitale Fotografie als WebProjekte<\/td>\n<\/tr>\n<tr>\n<td valign=\"top\" width=\"110\"><strong>1997 &#8211; 2001<\/strong><\/td>\n<td><strong>Musiktheorie-Studium<\/strong> am Bruckner-Konservatorium Linz<\/td>\n<\/tr>\n<tr>\n<td valign=\"top\" width=\"110\"><strong>1998 &#8211; 2000<\/strong><\/td>\n<td><strong>Studium in Musik- und Medientechnologie<\/strong> am Studio f\u00fcr Advanced Music &amp; Media Technology in Linz bei Karlheinz Essl mit Lehrgangsdiplom im Dezember 2000<\/td>\n<\/tr>\n<tr>\n<td valign=\"top\" width=\"110\"><strong>2000 &#8211; 2001<\/strong><\/td>\n<td><strong>Lehrgangsdiplom Webdesign<\/strong> und <strong>Lehrgangsdiplom Multimedia<\/strong><\/td>\n<\/tr>\n<tr>\n<td valign=\"top\" width=\"110\"><strong>seit 2006<\/strong><\/td>\n<td><strong>Kurse in Grafik-, Zeichnen und Drucktechniken<\/strong> u.a. an der <em><a href=\"http:\/\/www.kunstfabrik-wien.at\" target=\"_blank\" rel=\"noopener\">Kunstfabrik Wien<\/a><\/em> und der <a href=\"https:\/\/freie-kunst-akademie-augsburg.de\/\" target=\"_blank\" rel=\"noopener\">Freien Kunstakademie Augsburg<\/a>.<\/td>\n<\/tr>\n<\/tbody>\n<\/table>\n<\/div>\n<div style=\"border: 0px solid #cccccc; margin-bottom: 10px; background-color: #f6f6f6; padding-left: 5px;\">\n<table border=\"0\" width=\"100%\" cellspacing=\"0\" cellpadding=\"2\" align=\"center\" bgcolor=\"#fff\">\n<tbody>\n<tr>\n<td>\u00a0<\/td>\n<td>\n<h2>(Lehr-)T\u00e4tigkeit<\/h2>\n<\/td>\n<\/tr>\n<tr>\n<td valign=\"top\" width=\"110\"><strong>seit 1987<\/strong><\/td>\n<td><strong>BHAK.BHAS Freistadt:<\/strong> Mathematik und Religion<\/td>\n<\/tr>\n<tr>\n<td valign=\"top\" width=\"110\"><strong>1994<\/strong><\/td>\n<td><strong>Citybus Freistadt<\/strong>. Projektierung und Umsetzung f\u00fcr die Stadtgemeinde Freistadt<\/td>\n<\/tr>\n<tr>\n<td valign=\"top\" width=\"110\"><strong>seit 1998<\/strong><\/td>\n<td>Gesch\u00e4ftsf\u00fchrung der Fa. <strong>Neue Energie GmbH<\/strong>, Errichtung des Windparks Sp\u00f6rbichl\/Windhaag<\/td>\n<\/tr>\n<tr>\n<td valign=\"top\" width=\"110\"><strong>seit 1999<\/strong><\/td>\n<td><strong>BHAK.BHAS Freistadt:<\/strong> Telekommunikation, Multimediatechnik &amp; Multimediadesign<\/td>\n<\/tr>\n<tr>\n<td valign=\"top\" width=\"110\"><strong>1998 &#8211; 2000<\/strong><\/td>\n<td><strong>Netd@ys Austria:<\/strong> Projektf\u00f6rderungen f\u00fcr WebProjekte in Angewandter Mathematik<\/td>\n<\/tr>\n<tr>\n<td valign=\"top\" width=\"110\"><strong>1998 &#8211; 2000<\/strong><\/td>\n<td><strong>Lehrauftrag Universit\u00e4t Linz: <\/strong>Fachdidaktik Mathematik f\u00fcr Berufsbildende Schulen<\/td>\n<\/tr>\n<tr>\n<td valign=\"top\" width=\"110\"><strong>seit 2001 &#8211; 2010<br \/><\/strong><\/td>\n<td><strong>Trainer in der Lehrerausbildung<\/strong> f\u00fcr Webdesign (Gestaltung, Farbenlehre &amp; Datenbankprogrammierung) und Multimediadesign &amp; -technik (Farbenlehre, digitale Fotografie, Bild- und Soundbearbeitung)<\/td>\n<\/tr>\n<tr>\n<td valign=\"top\" width=\"110\"><strong>2003 &#8211; 2015<br \/><\/strong><\/td>\n<td><strong>Lehrauftrag Kunst-UNI Linz: <\/strong> <em>Softwaresteuerung audiovisueller Daten<\/em> und <em>Hybride Projekte<\/em> (max\/MSP\/Jitter) bzw. <em>Realtime Processing<\/em>.<\/td>\n<\/tr>\n<tr>\n<td valign=\"top\" width=\"110\"><strong>2004<\/strong><\/td>\n<td><strong>Kunst-UNI Linz:<\/strong> Videoschulung MaxMspJitter f\u00fcr das Projekt <em>Digital Media for Artists<\/em> (DMA).<\/td>\n<\/tr>\n<tr>\n<td valign=\"top\" width=\"110\"><strong>2011-2021<\/strong><\/td>\n<td><strong>BHAK&amp;HTL Freistadt:<\/strong> Administrator, Angewandte Mathematik, Webdesign, Kreatives Gestalten.<\/td>\n<\/tr>\n<\/tbody>\n<\/table>\n<\/div>\n<div style=\"border: 0px solid #cccccc; margin-bottom: 10px; background-color: #f6f6f6; padding-left: 5px;\">\n<table border=\"0\" width=\"100%\" cellspacing=\"0\" cellpadding=\"2\" align=\"center\" bgcolor=\"#fff\">\n<tbody>\n<tr>\n<td>\u00a0<\/td>\n<td>\n<h2>Kunstprojekte<\/h2>\n<\/td>\n<\/tr>\n<tr>\n<td valign=\"top\" width=\"110\"><strong>2000<\/strong><\/td>\n<td><strong>enbe.<\/strong> Digitale Klangkomposition. Musik zur Ausstellung I.N.R.I. in der Sammlung Essl.<\/td>\n<\/tr>\n<tr>\n<td valign=\"top\" width=\"110\"><strong>2001<\/strong><\/td>\n<td><strong>trio.<\/strong> Audiovisuelle Komposition. Diplomarbeit am Studio for Advanced Music &amp; Media Technology. Installation in der Sammlung Essl.<\/td>\n<\/tr>\n<tr>\n<td valign=\"top\" width=\"110\"><strong>2001<\/strong><\/td>\n<td><strong>textil.<\/strong> Sprachkomposition zum o\u00f6. Festival der Regionen<\/td>\n<\/tr>\n<tr>\n<td valign=\"top\" width=\"110\"><strong>2002<\/strong><\/td>\n<td><strong>levels.<\/strong> DynamicVideoProcessing eines Konzerts des Komponistenkollektivs Gegenklang<\/td>\n<\/tr>\n<tr>\n<td valign=\"top\" width=\"110\"><strong>2004<\/strong><\/td>\n<td><strong>vide.<\/strong> Visual data environment. Video-Performance im Rahmen der H\u00f6rkraft-Nacht in Freistadt<\/td>\n<\/tr>\n<tr>\n<td valign=\"top\" width=\"110\"><strong>2004<\/strong><\/td>\n<td><strong>Le Vertige.<\/strong> Live Electronic Audio zum Stummfilm Le Vertige (Herbier, 1926, 130 Min.) im Kunstforum der BA-CA, Wien, am 9.10.2004 im Rahmen der langen Nacht der Museen.<\/td>\n<\/tr>\n<tr>\n<td valign=\"top\" width=\"110\"><strong>2004<\/strong><\/td>\n<td><strong>st[d]reams, feedback structures.<\/strong> Zwei Realtime-Audio-Projekte, die mit dem gleichen Klangmaterial strukturell unterschiedlich umgehen.<\/td>\n<\/tr>\n<tr>\n<td valign=\"top\" width=\"110\"><strong>2005<\/strong><\/td>\n<td><strong>gestalt.<\/strong> Dynamisch generierte A0-Plakate mit jeweils 400 Videostills zum Themenbereich Gestalt. (MaxMspJitter)<\/td>\n<\/tr>\n<tr>\n<td valign=\"top\" width=\"110\"><strong>2005<\/strong><\/td>\n<td><strong>quartett.<\/strong> Plakate 50x50cm mit jeweils 4 Bildern (Fotografie, Grafik oder Videostills), verschiedene Themen<\/td>\n<\/tr>\n<tr>\n<td valign=\"top\" width=\"110\"><strong>2006<\/strong><\/td>\n<td><strong>asynchrone wahrnehmung<\/strong>. Video- &amp; Print-Projekt<br \/>Raumzeitliche Verschiebungen der Wahrnehmung werden durch ein raumzeitlich variabel interpretierendes Gehirn zu einer Einheit zusammengef\u00fchrt und als Bild mit eigenst\u00e4ndiger \u00e4sthetischer Qualit\u00e4t interpretiert.<\/td>\n<\/tr>\n<tr>\n<td valign=\"top\" width=\"110\"><strong>2006<\/strong><\/td>\n<td><strong>Luigi Tenco Seelenspuren<\/strong><br \/>Visuals f\u00fcr die gleichnamige Videodokumentation von Ingrid Schiller \u00fcber den italienischen Kult-Cantautore Luigi Tenco. Das Video wurde beim Filmfestival <em>Der neue Heimatfilm<\/em> 2006 in Freistadt uraufgef\u00fchrt.<\/td>\n<\/tr>\n<tr>\n<td valign=\"top\" width=\"110\"><strong>2007<\/strong><\/td>\n<td><strong>constructing.body.portrait<\/strong><br \/>Druckgrafik: Video-K\u00f6rper-Portraits aus bearbeiteten Videoclips. Individuelle Ausf\u00fchrung auf Anfrage.<\/td>\n<\/tr>\n<tr>\n<td valign=\"top\" width=\"110\"><strong>2008<\/strong><\/td>\n<td>Ausstellung <strong>Grafikstrukturen<\/strong> im <a href=\"http:\/\/www.suchankaffee.at\/\" target=\"_blank\" rel=\"noopener\">Cafe Suchan<\/a> in Freistadt.<\/td>\n<\/tr>\n<tr>\n<td valign=\"top\" width=\"110\"><strong>2009<\/strong><\/td>\n<td>Ausstellung <strong>Grafikstrukturen<\/strong> im Landeskrankenhaus Freistadt.<\/td>\n<\/tr>\n<tr>\n<td valign=\"top\" width=\"110\"><strong>2010<\/strong><\/td>\n<td><strong>Erinnerung an Freistadt<\/strong>.<\/td>\n<\/tr>\n<tr>\n<td valign=\"top\" width=\"110\"><strong>2012-2019<\/strong><\/td>\n<td>J\u00e4hrliche Ausstellung von Acrylmalerei, Grafik bzw. Medienkunst f\u00fcr die <a href=\"http:\/\/www.theaterzeit.at\/\" target=\"_blank\" rel=\"noopener\">Theaterzeit Freistadt<\/a> in der Messehalle Freistadt.<\/td>\n<\/tr>\n<tr>\n<td valign=\"top\" width=\"110\"><strong>seit 2016<br \/><\/strong><\/td>\n<td><strong>grafik generator<\/strong>: Aus einem Pool meiner Bildern und Grafiken werden laufend automatisch neue Bilder generiert. Realisiert mit <em>processing<\/em> und <em>Raspberry Pi<\/em>. Aufgrund der laufenden Erweiterung des Bilder-Pools mit aktuellen Projekten ver\u00e4ndert sich allm\u00e4hlich die \u00e4sthetische Wirkung der neu generierten Bilder. Meine k\u00fcnstlerische Weiterentwicklung spiegelt sich somit in den Ergebnissen des <em>grafik generators<\/em>. Das Projekt ist seit J\u00e4nner 2000 <strong>online<\/strong> verf\u00fcgbar: <a href=\"https:\/\/kunst.standpunkte.at\/grafik-generator-the-authors-choice\/\">The author&#8217;s choice<\/a>.<\/td>\n<\/tr>\n<tr>\n<td valign=\"top\" width=\"110\"><strong>seit 2018<br \/><\/strong><\/td>\n<td><strong>Cyanotypie-Projekte<\/strong>:<br \/><a title=\"Permalink zu Cyanotypie: Totentanz \u2013 Lebenstanz\" href=\"https:\/\/kunst.standpunkte.at\/cyanotypie-totentanz-lebenstanz-theaterzeit-freistadt\/\" rel=\"bookmark\">Cyanotypie: Totentanz \u2013 Lebenstanz<\/a> (2018)<br \/><a title=\"Permalink zuWas \u00fcbrig bleibt \u2013 Cyanotypie\" href=\"https:\/\/kunst.standpunkte.at\/was-uebrig-bleibt-cyanotypie\/\" rel=\"bookmark\">Was \u00fcbrig bleibt \u2013 Cyanotypie<\/a> (2021)<\/td>\n<\/tr>\n<\/tbody>\n<\/table>\n<\/div>\n\n\n<p><\/p>\n","protected":false},"excerpt":{"rendered":"<p>Impressum: Johann Moser, Obere Hafnerzeile 16, A-4240 Freistadt, johann.moser@jomo.org Die Vorschriften zur DSGVO wurden \u00fcberpr\u00fcft. Es werden keine pers\u00f6nlichen Daten bzw. IP-Adressen gespeichert und weiterverarbeitet. Auch bei den Kommentaren werden keine IP-Adressen gespeichert. Alle verwendeten WordPress-Plugins sind DSGVO-konform. \u00a0 Ausbildung 1977 &#8211; 1984 Universit\u00e4t Salzburg Mathematik und kombinierte Religionsp\u00e4dagogik 1984 Teilnahme an der Internationalen Sommerakademie [&hellip;]<\/p>\n","protected":false},"author":4,"featured_media":0,"parent":0,"menu_order":0,"comment_status":"closed","ping_status":"closed","template":"","meta":{"footnotes":""},"class_list":["post-8","page","type-page","status-publish","hentry"],"_links":{"self":[{"href":"https:\/\/www.jomo.org\/index.php\/wp-json\/wp\/v2\/pages\/8","targetHints":{"allow":["GET"]}}],"collection":[{"href":"https:\/\/www.jomo.org\/index.php\/wp-json\/wp\/v2\/pages"}],"about":[{"href":"https:\/\/www.jomo.org\/index.php\/wp-json\/wp\/v2\/types\/page"}],"author":[{"embeddable":true,"href":"https:\/\/www.jomo.org\/index.php\/wp-json\/wp\/v2\/users\/4"}],"replies":[{"embeddable":true,"href":"https:\/\/www.jomo.org\/index.php\/wp-json\/wp\/v2\/comments?post=8"}],"version-history":[{"count":42,"href":"https:\/\/www.jomo.org\/index.php\/wp-json\/wp\/v2\/pages\/8\/revisions"}],"predecessor-version":[{"id":1154,"href":"https:\/\/www.jomo.org\/index.php\/wp-json\/wp\/v2\/pages\/8\/revisions\/1154"}],"wp:attachment":[{"href":"https:\/\/www.jomo.org\/index.php\/wp-json\/wp\/v2\/media?parent=8"}],"curies":[{"name":"wp","href":"https:\/\/api.w.org\/{rel}","templated":true}]}}